{"id":8182,"date":"2025-04-24T09:58:53","date_gmt":"2025-04-24T09:58:53","guid":{"rendered":"https:\/\/raropem.ro\/?post_type=product&#038;p=8182"},"modified":"2025-06-13T08:12:50","modified_gmt":"2025-06-13T08:12:50","slug":"kit-semeringuri-bmw-diferential-spate-168l-33127621206-33107505603x2","status":"publish","type":"product","link":"https:\/\/raropem.ro\/en\/kit-semeringuri-bmw-diferential-spate-168l-33127621206-33107505603x2\/","title":{"rendered":"Kit Semeringuri BMW Diferential Spate [168L]  33127621206 +  33107505603&#215;2"},"content":{"rendered":"<div>\n<p><span style=\"font-size: 150%;\">Kit Semeringuri BMW Diferential Spate [168L] 33127621206 + 33107505603&#215;2<\/span><\/p>\n<\/div>\n<div><span style=\"font-size: 150%;\">cod Intern :0416.17<\/span><\/div>\n<div><\/div>\n<div><\/div>\n<div>\n<p><span style=\"font-size: 150%;\">Contine:<\/span><\/p>\n<ol>\n<li><span style=\"font-size: 150%;\">Semering Flansa Cardan\u00a0 33127621206\u00a0 \u00a0 \u00a0 \u00a0 45X65X10\/14<\/span><\/li>\n<li><span style=\"font-size: 150%;\">Simering\u00a0 Lateral\u00a0 \u00a0 \u00a0 \u00a0 \u00a0 \u00a0 \u00a0 \u00a033107505603&#215;2\u00a0 \u00a0 44X78.1X10\/15.5<\/span><\/li>\n<\/ol>\n<\/div>\n<div><\/div>\n<div><\/div>\n<div><span style=\"font-size: 150%;\">Rulmentul diferen\u021bial BMW 168 se potriveste pentru 116i, 116d, 118i, 118d, 120i, 316i, 318i, 320i<\/span><\/div>\n<div><\/div>\n<div><\/div>\n<p><span style=\"font-size: 150%;\">V\u0103 rug\u0103m s\u0103 ne solicita\u021bi num\u0103rul de \u0219asiu pentru a afla num\u0103rul corect al piesei de schimb<\/span><\/p>\n<p>&nbsp;<\/p>\n","protected":false},"excerpt":{"rendered":"<p>Kit Semeringuri BMW Diferential Spate [168L] 33127621206 + 33107505603&#215;2 cod Intern :0416.17 Contine: Semering Flansa Cardan\u00a0 33127621206\u00a0 \u00a0 \u00a0 \u00a0 45X65X10\/14 Simering\u00a0 Lateral\u00a0 \u00a0 \u00a0 \u00a0 \u00a0 \u00a0 \u00a0 \u00a033107505603&#215;2\u00a0 \u00a0 44X78.1X10\/15.5 Rulmentul diferen\u021bial BMW 168 se potriveste pentru 116i, 116d, 118i, 118d, 120i, 316i, 318i, 320i V\u0103 rug\u0103m s\u0103 ne solicita\u021bi num\u0103rul de \u0219asiu [&#8230;]\n","protected":false},"featured_media":8190,"comment_status":"closed","ping_status":"closed","template":"","meta":[],"product_brand":[],"product_cat":[182,181,18],"product_tag":[],"class_list":{"0":"post-8182","1":"product","2":"type-product","3":"status-publish","4":"has-post-thumbnail","6":"product_cat-168-k-l-lw","7":"product_cat-bmw","8":"product_cat-piese-diferentiale","10":"first","11":"instock","12":"sale","13":"taxable","14":"shipping-taxable","15":"purchasable","16":"product-type-simple"},"_links":{"self":[{"href":"https:\/\/raropem.ro\/en\/wp-json\/wp\/v2\/product\/8182","targetHints":{"allow":["GET"]}}],"collection":[{"href":"https:\/\/raropem.ro\/en\/wp-json\/wp\/v2\/product"}],"about":[{"href":"https:\/\/raropem.ro\/en\/wp-json\/wp\/v2\/types\/product"}],"replies":[{"embeddable":true,"href":"https:\/\/raropem.ro\/en\/wp-json\/wp\/v2\/comments?post=8182"}],"wp:featuredmedia":[{"embeddable":true,"href":"https:\/\/raropem.ro\/en\/wp-json\/wp\/v2\/media\/8190"}],"wp:attachment":[{"href":"https:\/\/raropem.ro\/en\/wp-json\/wp\/v2\/media?parent=8182"}],"wp:term":[{"taxonomy":"product_brand","embeddable":true,"href":"https:\/\/raropem.ro\/en\/wp-json\/wp\/v2\/product_brand?post=8182"},{"taxonomy":"product_cat","embeddable":true,"href":"https:\/\/raropem.ro\/en\/wp-json\/wp\/v2\/product_cat?post=8182"},{"taxonomy":"product_tag","embeddable":true,"href":"https:\/\/raropem.ro\/en\/wp-json\/wp\/v2\/product_tag?post=8182"}],"curies":[{"name":"wp","href":"https:\/\/api.w.org\/{rel}","templated":true}]}}