{"id":8178,"date":"2025-04-24T07:31:49","date_gmt":"2025-04-24T07:31:49","guid":{"rendered":"https:\/\/raropem.ro\/?post_type=product&#038;p=8178"},"modified":"2025-06-12T16:17:24","modified_gmt":"2025-06-12T16:17:24","slug":"rulment-bmw-diferential-spate-168l-f-239495-34925x79x31","status":"publish","type":"product","link":"https:\/\/raropem.ro\/en\/rulment-bmw-diferential-spate-168l-f-239495-34925x79x31\/","title":{"rendered":"Rulment BMW Diferential Spate [168L]  F-239495  \/ 34,925X79X31"},"content":{"rendered":"<div>\n<p><span style=\"font-size: 150%;\">Rulment BMW Diferential Spate [168L] F-239495\u00a0\/ 34,925X79X31<\/span><\/p>\n<\/div>\n<div><span style=\"font-size: 150%;\">cod Intern : F-239495<\/span><\/div>\n<div><\/div>\n<div><\/div>\n<div>\n<p><span style=\"font-size: 150%;\">Dimnesiuni :<\/span><\/p>\n<h1 class=\"page-title-ui page-title-lq \"><span style=\"font-size: 150%;\">34,925X79X31<\/span><\/h1>\n<\/div>\n<div><\/div>\n<div><\/div>\n<div><span style=\"font-size: 150%;\">Rulmentul diferen\u021bial BMW 168 se potriveste pentru 116i, 116d, 118i, 118d, 120i, 316i, 318i, 320i<\/span><\/div>\n<div><\/div>\n<div><\/div>\n<p><span style=\"font-size: 150%;\">V\u0103 rug\u0103m s\u0103 ne solicita\u021bi num\u0103rul de \u0219asiu pentru a afla num\u0103rul corect al piesei de schimb<\/span><\/p>\n<p>&nbsp;<\/p>\n","protected":false},"excerpt":{"rendered":"<p>Rulment BMW Diferential Spate [168L] F-239495\u00a0\/ 34,925X79X31 cod Intern : F-239495 Dimnesiuni : 34,925X79X31 Rulmentul diferen\u021bial BMW 168 se potriveste pentru 116i, 116d, 118i, 118d, 120i, 316i, 318i, 320i V\u0103 rug\u0103m s\u0103 ne solicita\u021bi num\u0103rul de \u0219asiu pentru a afla num\u0103rul corect al piesei de schimb &nbsp;<\/p>\n","protected":false},"featured_media":8179,"comment_status":"closed","ping_status":"closed","template":"","meta":[],"product_brand":[],"product_cat":[182,181,18],"product_tag":[],"class_list":{"0":"post-8178","1":"product","2":"type-product","3":"status-publish","4":"has-post-thumbnail","6":"product_cat-168-k-l-lw","7":"product_cat-bmw","8":"product_cat-piese-diferentiale","10":"first","11":"instock","12":"taxable","13":"shipping-taxable","14":"purchasable","15":"product-type-simple"},"_links":{"self":[{"href":"https:\/\/raropem.ro\/en\/wp-json\/wp\/v2\/product\/8178","targetHints":{"allow":["GET"]}}],"collection":[{"href":"https:\/\/raropem.ro\/en\/wp-json\/wp\/v2\/product"}],"about":[{"href":"https:\/\/raropem.ro\/en\/wp-json\/wp\/v2\/types\/product"}],"replies":[{"embeddable":true,"href":"https:\/\/raropem.ro\/en\/wp-json\/wp\/v2\/comments?post=8178"}],"wp:featuredmedia":[{"embeddable":true,"href":"https:\/\/raropem.ro\/en\/wp-json\/wp\/v2\/media\/8179"}],"wp:attachment":[{"href":"https:\/\/raropem.ro\/en\/wp-json\/wp\/v2\/media?parent=8178"}],"wp:term":[{"taxonomy":"product_brand","embeddable":true,"href":"https:\/\/raropem.ro\/en\/wp-json\/wp\/v2\/product_brand?post=8178"},{"taxonomy":"product_cat","embeddable":true,"href":"https:\/\/raropem.ro\/en\/wp-json\/wp\/v2\/product_cat?post=8178"},{"taxonomy":"product_tag","embeddable":true,"href":"https:\/\/raropem.ro\/en\/wp-json\/wp\/v2\/product_tag?post=8178"}],"curies":[{"name":"wp","href":"https:\/\/api.w.org\/{rel}","templated":true}]}}