{"id":7402,"date":"2025-02-14T07:51:09","date_gmt":"2025-02-14T07:51:09","guid":{"rendered":"https:\/\/raropem.ro\/?post_type=product&#038;p=7402"},"modified":"2026-04-03T14:33:04","modified_gmt":"2026-04-03T14:33:04","slug":"kit-rulmenti-semeringuri-diferential-spate-2053505200-2053501200-2053501600-2053506718","status":"publish","type":"product","link":"https:\/\/raropem.ro\/en\/kit-rulmenti-semeringuri-diferential-spate-2053505200-2053501200-2053501600-2053506718\/","title":{"rendered":"Rear Differential Bearing Kit + Seals 2053505200 2053501200 2053501600 2053506718"},"content":{"rendered":"<p><span style=\"font-size: 150%;\">Rear Differential Bearing Kit + Seals 2053505200 2053501200 2053501600 2053506718<\/span><\/p>\n<div>\n<p>Internal Code 1604.147<\/p>\n<\/div>\n<div data-spm-anchor-id=\"a2g0o.detail.1000023.i0.1ac9V4IwV4Iwne\">\n<p>Fits differentials with code<\/p>\n<\/div>\n<div data-spm-anchor-id=\"a2g0o.detail.1000023.i0.1ac9V4IwV4Iwne\"><span style=\"font-size: 150%;\">2053505200 2053501200 2053501600 2053506718<\/span><\/div>\n<div data-spm-anchor-id=\"a2g0o.detail.1000023.i0.1ac9V4IwV4Iwne\"><\/div>\n<div data-spm-anchor-id=\"a2g0o.detail.1000023.i0.1ac9V4IwV4Iwne\"><span style=\"font-size: 150%;\">Watch<\/span><br \/>\n<span style=\"font-size: 150%;\">Two-row ball bearings replaced with tapered roller bearings<\/span><\/div>\n<div data-spm-anchor-id=\"a2g0o.detail.1000023.i0.1ac9V4IwV4Iwne\"><\/div>\n<p>&nbsp;<\/p>\n<p>&nbsp;<\/p>\n<p>&nbsp;<\/p>","protected":false},"excerpt":{"rendered":"<p>Kit Rulmenti + Semeringuri Diferential Spate 2053505200 2053501200 2053501600 2053506718 Cod Intern 1604.147 Se potriveste pe diferentialel cu cod 2053505200 2053501200 2053501600 2053506718 Observati Rulmen\u021bi cu bile pe dou\u0103 r\u00e2nduri \u00eenlocui\u021bi cu rulmen\u021bi cu role conice &nbsp; &nbsp; &nbsp;<\/p>","protected":false},"featured_media":7403,"comment_status":"open","ping_status":"closed","template":"","meta":[],"product_brand":[],"product_cat":[295,18],"product_tag":[],"class_list":{"0":"post-7402","1":"product","2":"type-product","3":"status-publish","4":"has-post-thumbnail","6":"product_cat-mercedes-df1","7":"product_cat-piese-diferentiale","9":"first","10":"instock","11":"sale","12":"taxable","13":"shipping-taxable","14":"purchasable","15":"product-type-simple"},"_links":{"self":[{"href":"https:\/\/raropem.ro\/en\/wp-json\/wp\/v2\/product\/7402","targetHints":{"allow":["GET"]}}],"collection":[{"href":"https:\/\/raropem.ro\/en\/wp-json\/wp\/v2\/product"}],"about":[{"href":"https:\/\/raropem.ro\/en\/wp-json\/wp\/v2\/types\/product"}],"replies":[{"embeddable":true,"href":"https:\/\/raropem.ro\/en\/wp-json\/wp\/v2\/comments?post=7402"}],"wp:featuredmedia":[{"embeddable":true,"href":"https:\/\/raropem.ro\/en\/wp-json\/wp\/v2\/media\/7403"}],"wp:attachment":[{"href":"https:\/\/raropem.ro\/en\/wp-json\/wp\/v2\/media?parent=7402"}],"wp:term":[{"taxonomy":"product_brand","embeddable":true,"href":"https:\/\/raropem.ro\/en\/wp-json\/wp\/v2\/product_brand?post=7402"},{"taxonomy":"product_cat","embeddable":true,"href":"https:\/\/raropem.ro\/en\/wp-json\/wp\/v2\/product_cat?post=7402"},{"taxonomy":"product_tag","embeddable":true,"href":"https:\/\/raropem.ro\/en\/wp-json\/wp\/v2\/product_tag?post=7402"}],"curies":[{"name":"wp","href":"https:\/\/api.w.org\/{rel}","templated":true}]}}