{"id":6926,"date":"2024-11-22T15:52:41","date_gmt":"2024-11-22T15:52:41","guid":{"rendered":"https:\/\/raropem.ro\/?post_type=product&#038;p=6926"},"modified":"2026-04-08T14:42:09","modified_gmt":"2026-04-08T14:42:09","slug":"capac-cutie-automata-dct450-powershift","status":"publish","type":"product","link":"https:\/\/raropem.ro\/en\/capac-cutie-automata-dct450-powershift\/","title":{"rendered":"DCT450 Powershift Automatic Transmission Case"},"content":{"rendered":"<h1 class=\"h1 page-title\"><span style=\"font-size: 170%;\">DCT450 Powershift Automatic Transmission Case<\/span><\/h1>\n<p><span style=\"font-size: 170%;\">Acest capac este prev\u0103zut cu un arc pe marginea interioar\u0103, fiind o solu\u021bie de pia\u021b\u0103 secundar\u0103 menit\u0103 s\u0103 previn\u0103 scurgerile.<br \/>\nFord# 1684808 Volvo# 31256845<\/span><\/p>\n<p><span style=\"font-size: 170%;\">Compatibility for<\/span><br \/>\n<span style=\"font-size: 170%;\">Ford, GWM, Chrysler, Mitsubishi, Renault, Volvo<\/span><\/p>\n<p><span style=\"font-size: 170%;\">Application<\/span><br \/>\n<span style=\"font-size: 170%;\">Avenger, C30, C70II, C-MAX, Edge, Espace V, Focus, Fusion, Galant, Galaxy, Grand Scenic IV, Haval, Journey, Kuga, Lancer, Megane IV, Mondeo, Outlander, S40II, S60II, S80II, Scenic IV, Sebring, S-MAX, Talisman, Tourneo, Trafic, Transit, V40, V50, V60, V70III, XC60<\/span><\/p>\n<p><span style=\"font-size: 170%;\">Internal code: 209230<\/span><\/p>\n<p>&nbsp;<\/p>","protected":false},"excerpt":{"rendered":"<p>Capac cutie automat\u0103 DCT450 Powershift Acest capac este prev\u0103zut cu un arc pe marginea interioar\u0103, fiind o solu\u021bie de pia\u021b\u0103 secundar\u0103 menit\u0103 s\u0103 previn\u0103 scurgerile. Ford# 1684808 Volvo# 31256845 Compatibilitate pe Ford, GWM, Chrysler, Mitsubishi, Renault, Volvo Aplica\u021bie : Avenger, C30, C70II, C-MAX, Edge, Espace V, Focus, Fusion, Galant, Galaxy, GrandScenicIV, Haval, Journey, Kuga, Lancer, [&#8230;]\n","protected":false},"featured_media":6927,"comment_status":"closed","ping_status":"closed","template":"","meta":[],"product_brand":[],"product_cat":[15,29,200,68,187,216],"product_tag":[328],"class_list":{"0":"post-6926","1":"product","2":"type-product","3":"status-publish","4":"has-post-thumbnail","6":"product_cat-piese-cutii-de-viteze","7":"product_cat-autovehicule","8":"product_cat-ford-av","9":"product_cat-mitsubishi","10":"product_cat-renault-av","11":"product_cat-volvo-av","12":"product_tag-dct450-dct470-mps6-powershift-dw6","14":"first","15":"instock","16":"taxable","17":"shipping-taxable","18":"purchasable","19":"product-type-simple"},"_links":{"self":[{"href":"https:\/\/raropem.ro\/en\/wp-json\/wp\/v2\/product\/6926","targetHints":{"allow":["GET"]}}],"collection":[{"href":"https:\/\/raropem.ro\/en\/wp-json\/wp\/v2\/product"}],"about":[{"href":"https:\/\/raropem.ro\/en\/wp-json\/wp\/v2\/types\/product"}],"replies":[{"embeddable":true,"href":"https:\/\/raropem.ro\/en\/wp-json\/wp\/v2\/comments?post=6926"}],"wp:featuredmedia":[{"embeddable":true,"href":"https:\/\/raropem.ro\/en\/wp-json\/wp\/v2\/media\/6927"}],"wp:attachment":[{"href":"https:\/\/raropem.ro\/en\/wp-json\/wp\/v2\/media?parent=6926"}],"wp:term":[{"taxonomy":"product_brand","embeddable":true,"href":"https:\/\/raropem.ro\/en\/wp-json\/wp\/v2\/product_brand?post=6926"},{"taxonomy":"product_cat","embeddable":true,"href":"https:\/\/raropem.ro\/en\/wp-json\/wp\/v2\/product_cat?post=6926"},{"taxonomy":"product_tag","embeddable":true,"href":"https:\/\/raropem.ro\/en\/wp-json\/wp\/v2\/product_tag?post=6926"}],"curies":[{"name":"wp","href":"https:\/\/api.w.org\/{rel}","templated":true}]}}