{"id":6123,"date":"2024-10-02T12:25:45","date_gmt":"2024-10-02T12:25:45","guid":{"rendered":"https:\/\/raropem.ro\/?post_type=product&#038;p=6123"},"modified":"2025-06-12T16:14:10","modified_gmt":"2025-06-12T16:14:10","slug":"pinion-de-atac-si-coroana-cutie-transfer-freelander-2-lr010349-lr040657-36002479","status":"publish","type":"product","link":"https:\/\/raropem.ro\/en\/pinion-de-atac-si-coroana-cutie-transfer-freelander-2-lr010349-lr040657-36002479\/","title":{"rendered":"Transfer case pinion and crown Freelander 2 LR010349\/ LR040657 \/36002479"},"content":{"rendered":"<h2>Transfer case pinion and crown Freelander 2 LR010349\/ LR040657 \/36002479<\/h2>\n<p><span style=\"font-size: 150%;\">Compatible With:<\/span><\/p>\n<div data-spm-anchor-id=\"a2g0o.detail.1000023.i0.1ac9V4IwV4Iwne\">\n<h2><span style=\"font-size: 150%;\">Drive pinion and ring gear<\/span><\/h2>\n<\/div>\n<div data-spm-anchor-id=\"a2g0o.detail.1000023.i0.1ac9V4IwV4Iwne\"><span style=\"font-size: 150%;\">Land Rover Freelander 2 (LR2) 2006-2014 (all models)<\/span><br \/>\n<span style=\"font-size: 150%;\">Range Rover Evoque 2012-2014 (all models with manual transmission or 6-speed automatic transmission VIN\/chassis number: up to DH99999999)<\/span><\/div>\n<div data-spm-anchor-id=\"a2g0o.detail.1000023.i0.1ac9V4IwV4Iwne\"><\/div>\n<div data-spm-anchor-id=\"a2g0o.detail.1000023.i0.1ac9V4IwV4Iwne\"><span style=\"font-size: 150%;\">compatible with transfer case codes:<\/span><\/div>\n<div data-spm-anchor-id=\"a2g0o.detail.1000023.i0.1ac9V4IwV4Iwne\"><\/div>\n<div data-spm-anchor-id=\"a2g0o.detail.1000023.i0.1ac9V4IwV4Iwne\">\n<p><span style=\"font-size: 150%;\">LR066503 \u2013 LR035403 \u2013 LR040657 \u2013 LR009428 \u2013 LR010349 - LR007147<\/span><\/p>\n<\/div>\n<div data-spm-anchor-id=\"a2g0o.detail.1000023.i0.1ac9V4IwV4Iwne\">\n<p><span style=\"font-size: 200%;\"><strong>Number of teeth 31x12<\/strong><\/span><\/p>\n<\/div>\n<p>&nbsp;<\/p>\n<p>&nbsp;<\/p>\n<p>&nbsp;<\/p>","protected":false},"excerpt":{"rendered":"<p>Pinion de atac si Coroana cutie transfer Freelander 2 LR010349\/ LR040657 \/36002479 Compatibil Pentru : Pinion de atac si Coroana Land Rover Freelander 2 (LR2) 2006-2014 (toate modelele) Range Rover Evoque 2012-2014 (toate modelele cu transmisie manual\u0103 sau automat\u0103 cu 6 trepte Num\u0103r VIN\/\u0219asiu: p\u00e2n\u0103 la DH99999999) compatibil pentru codurile de cutie de transfer : [&#8230;]\n","protected":false},"featured_media":6124,"comment_status":"open","ping_status":"closed","template":"","meta":[],"product_brand":[],"product_cat":[17,147,146],"product_tag":[],"class_list":{"0":"post-6123","1":"product","2":"type-product","3":"status-publish","4":"has-post-thumbnail","6":"product_cat-piese-cutii-de-transfer","7":"product_cat-freelander-2","8":"product_cat-land-rover","10":"first","11":"instock","12":"taxable","13":"shipping-taxable","14":"purchasable","15":"product-type-simple"},"_links":{"self":[{"href":"https:\/\/raropem.ro\/en\/wp-json\/wp\/v2\/product\/6123","targetHints":{"allow":["GET"]}}],"collection":[{"href":"https:\/\/raropem.ro\/en\/wp-json\/wp\/v2\/product"}],"about":[{"href":"https:\/\/raropem.ro\/en\/wp-json\/wp\/v2\/types\/product"}],"replies":[{"embeddable":true,"href":"https:\/\/raropem.ro\/en\/wp-json\/wp\/v2\/comments?post=6123"}],"wp:featuredmedia":[{"embeddable":true,"href":"https:\/\/raropem.ro\/en\/wp-json\/wp\/v2\/media\/6124"}],"wp:attachment":[{"href":"https:\/\/raropem.ro\/en\/wp-json\/wp\/v2\/media?parent=6123"}],"wp:term":[{"taxonomy":"product_brand","embeddable":true,"href":"https:\/\/raropem.ro\/en\/wp-json\/wp\/v2\/product_brand?post=6123"},{"taxonomy":"product_cat","embeddable":true,"href":"https:\/\/raropem.ro\/en\/wp-json\/wp\/v2\/product_cat?post=6123"},{"taxonomy":"product_tag","embeddable":true,"href":"https:\/\/raropem.ro\/en\/wp-json\/wp\/v2\/product_tag?post=6123"}],"curies":[{"name":"wp","href":"https:\/\/api.w.org\/{rel}","templated":true}]}}