{"id":5463,"date":"2024-07-05T14:56:13","date_gmt":"2024-07-05T14:56:13","guid":{"rendered":"https:\/\/raropem.ro\/?post_type=product&#038;p=5463"},"modified":"2025-06-12T16:13:02","modified_gmt":"2025-06-12T16:13:02","slug":"carcasa-mijloc-zf-1325201031-1325201050-1325298020","status":"publish","type":"product","link":"https:\/\/raropem.ro\/en\/carcasa-mijloc-zf-1325201031-1325201050-1325298020\/","title":{"rendered":"Gearbox Housing ZF 1325201031 \/ 1325201050 \/ 1325298020"},"content":{"rendered":"<p>ZF Transmission Housing 1325201031 \/ 1325201050 \/ 1325298020<\/p>\n<p>&nbsp;<\/p>\n<p>Intermediate housing ZF 1325201031 \/ 1325201050 \/ 1325298020<\/p>\n<p>&nbsp;<\/p>\n<p>Fits ECOSPLIT IV manual gearboxes<\/p>\n<p>&nbsp;<\/p>\n<p>Compatible codes: 1325201033 1325201031 1325201031 1325201020 1860632 42563337 1325201048 42563337 1325298022 1325298020 1325201050 1325201050 95536233 95536233 2256754<\/p>\n<p>&nbsp;<\/p>\n<p>Product code: 1325201050<\/p>\n<p>&nbsp;<\/p>\n<p>Manual transmission housing Manufacturer gearbox ZF<\/p>\n<p>ZF ECOSPLIT IV gearbox housing (clutch)<\/p>\n<p>&nbsp;<\/p>\n<p>Compatible with the following types:<\/p>\n<p>&nbsp;<\/p>\n<p>8 S 1630 TD \u2013 1355 009<\/p>\n<p>8 S 1635 TD \u2013 1355 032<\/p>\n<p>8 S 1830 FROM \u2013 1355 010<\/p>\n<p>8 S 1835 TO \u2013 1355 033<\/p>\n<p>16 S 1620 TD \u2013 1355 001<\/p>\n<p>16 S 162 TD IT \u2013 1355 003<\/p>\n<p>16 S 1621 TD IT \u2013 1355 050<\/p>\n<p>16 S 1625 TD TO \u2013 1355 030<\/p>\n<p>16 S 163 TD IT \u2013 1355 003<\/p>\n<p>16 S 1631 TD IT \u2013 1355 050<\/p>\n<p>16 S 1820 TO \u2013 1355 002<\/p>\n<p>16 S 182 TO IT \u2013 1355 004<\/p>\n<p>16 S 1821 TO IT \u2013 1355 051<\/p>\n<p>16 S 1920 TD \u2013 1367 001<\/p>\n<p>16 S 1921 TD IT \u2013 1367 050<\/p>\n<p>16 S 1923 TD IT - 1367 007<\/p>\n<p>16 S 1925 TD IT \u2013 1367 030<\/p>\n<p>16 S 1930 TD IT - 1367 001<\/p>\n<p>16 S 193 TD IT \u2013 1367 003<\/p>\n<p>16 S 2220 TO \u2013 1367 002<\/p>\n<p>16 S 2221 to IT \u2013 1367 051<\/p>\n<p>16 S 2223 TO \u2013 1367 008<\/p>\n<p>16 S 2225 TO \u2013 1367 031<\/p>\n<p>16 S 2220 TD \u2013 1356 001<\/p>\n<p>16 S 2221 TD IT \u2013 1356 050<\/p>\n<p>16 S 2223 TD \u2013 1356 016<\/p>\n<p>16 S 2225 TD TO \u2013 1356 030<\/p>\n<p>16 S 223 TO IT \u2013 1367 004<\/p>\n<p>16 S 2230 TD \u2013 1356 001<\/p>\n<p>16 S 223 TD IT \u2013 1356 006<\/p>\n<p>16 S 2231 TD IT - 1356 050<\/p>\n<p>16 S 2233 TD IT \u2013 1356 016<\/p>\n<p>16 S 2235 TD IT \u2013 1356 030<\/p>\n<p>16 S 2320 TD IT \u2013 1356 003<\/p>\n<p>16 S 232 TD IT \u2013 1356 008<\/p>\n<p>16 S 2321 TD IT \u2013 1356 052<\/p>\n<p>&nbsp;<\/p>\n<p>&nbsp;<\/p>","protected":false},"excerpt":{"rendered":"<p>Carcas\u0103 transmisie ZF 1325201031\/ 1325201050 \/ 1325298020 &nbsp; Carcas\u0103 intermediar\u0103 ZF 1325201031\/ 1325201050\/ 1325298020 &nbsp; Se potrive\u0219te cutiilor de viteze manuale ECOSPLIT IV &nbsp; Coduri compatibile: 1325201033 1325201031 1325201031 1325201020 1860632 42563337 1325201048 42563337 1325298022 1325298020 1325201050 1325201050 95536233 95536233 2256754 &nbsp; Cod produs : 1325201050 &nbsp; Carcas\u0103 transmisie manual\u0103 Produc\u0103tor cutie de viteze ZF [&#8230;]\n","protected":false},"featured_media":5465,"comment_status":"closed","ping_status":"closed","template":"","meta":[],"product_brand":[],"product_cat":[30,126,125,124,15,127],"product_tag":[350,349],"class_list":{"0":"post-5463","1":"product","2":"type-product","3":"status-publish","4":"has-post-thumbnail","6":"product_cat-camioane","7":"product_cat-daf","8":"product_cat-iveco-camioane","9":"product_cat-man","10":"product_cat-piese-cutii-de-viteze","11":"product_cat-renault-camioane","12":"product_tag-zf-ecosplit-iv-12-s","13":"product_tag-zf-ecosplit-iv-16-s","15":"first","16":"instock","17":"taxable","18":"shipping-taxable","19":"purchasable","20":"product-type-simple"},"_links":{"self":[{"href":"https:\/\/raropem.ro\/en\/wp-json\/wp\/v2\/product\/5463","targetHints":{"allow":["GET"]}}],"collection":[{"href":"https:\/\/raropem.ro\/en\/wp-json\/wp\/v2\/product"}],"about":[{"href":"https:\/\/raropem.ro\/en\/wp-json\/wp\/v2\/types\/product"}],"replies":[{"embeddable":true,"href":"https:\/\/raropem.ro\/en\/wp-json\/wp\/v2\/comments?post=5463"}],"wp:featuredmedia":[{"embeddable":true,"href":"https:\/\/raropem.ro\/en\/wp-json\/wp\/v2\/media\/5465"}],"wp:attachment":[{"href":"https:\/\/raropem.ro\/en\/wp-json\/wp\/v2\/media?parent=5463"}],"wp:term":[{"taxonomy":"product_brand","embeddable":true,"href":"https:\/\/raropem.ro\/en\/wp-json\/wp\/v2\/product_brand?post=5463"},{"taxonomy":"product_cat","embeddable":true,"href":"https:\/\/raropem.ro\/en\/wp-json\/wp\/v2\/product_cat?post=5463"},{"taxonomy":"product_tag","embeddable":true,"href":"https:\/\/raropem.ro\/en\/wp-json\/wp\/v2\/product_tag?post=5463"}],"curies":[{"name":"wp","href":"https:\/\/api.w.org\/{rel}","templated":true}]}}