{"id":4967,"date":"2024-04-17T17:13:52","date_gmt":"2024-04-17T17:13:52","guid":{"rendered":"https:\/\/raropem.ro\/?post_type=product&#038;p=4967"},"modified":"2026-03-30T13:52:36","modified_gmt":"2026-03-30T13:52:36","slug":"ax-cardanic-bmw-f25-x3-x4-f26-awd-26208605867","status":"publish","type":"product","link":"https:\/\/raropem.ro\/en\/ax-cardanic-bmw-f25-x3-x4-f26-awd-26208605867\/","title":{"rendered":"Axle Cardan BMW F25 X3 X4 F26 AWD 26208605867"},"content":{"rendered":"<h2><span style=\"font-size: 170%;\">Axle Cardan BMW F25 X3 X4 F26 AWD 26208605867<\/span><\/h2>\n<p><span style=\"font-size: 170%;\">Original BMW Code Compatible<br \/>\n<strong>Aftermarket Product<\/strong>\u00a0<\/span><\/p>\n<p><span style=\"font-size: 170%;\">26207589985, 26208605867<\/span><\/p>\n<p><span style=\"font-size: 170%;\">Flange connector: SAE 47 mm closure, 4 x 8 mm bore, 77 mm pitch diameter<\/span><\/p>\n<p><span style=\"font-size: 170%;\">Multispline connector: 27 teeth<\/span><\/p>\n<p><span style=\"font-size: 170%;\">Crossbar: 25 mm x 63.8 mm<\/span><\/p>\n<p><span style=\"font-size: 170%;\">Driveshaft BMW X3 (F25), X4 (F26) front, l=734mm, 25x63.8, flange 95mm, 4x8mm + 27 splines (hcbx3f25, dsbm25f) (index: DSBM-F01)<\/span><\/p>\n<div><span style=\"font-size: 170%;\">Internal Code 0416.05<\/span><\/div>\n<p>&nbsp;<\/p>","protected":false},"excerpt":{"rendered":"<p>Ax Cardanic BMW F25 X3 X4 F26 AWD 26208605867 Cod Original BMW Compatibila Produs Aftermarket\u00a0 26207589985, 26208605867 Conector cu flan\u0219\u0103: \u00cenchidere SAE 47 mm, alezaj de 4 x 8 mm, diametru pas de 77 mm Conector multispline: 27 de t\u0103i\u0219uri Travers\u0103: 25 mm x 63,8 mm arbore de transmisie Bmw x3 (f25), x4 (f26) fa\u021b\u0103, [&#8230;]\n","protected":false},"featured_media":4968,"comment_status":"closed","ping_status":"closed","template":"","meta":[],"product_brand":[],"product_cat":[233,17],"product_tag":[],"class_list":{"0":"post-4967","1":"product","2":"type-product","3":"status-publish","4":"has-post-thumbnail","6":"product_cat-bmw-ct","7":"product_cat-piese-cutii-de-transfer","9":"first","10":"instock","11":"taxable","12":"shipping-taxable","13":"purchasable","14":"product-type-simple"},"_links":{"self":[{"href":"https:\/\/raropem.ro\/en\/wp-json\/wp\/v2\/product\/4967","targetHints":{"allow":["GET"]}}],"collection":[{"href":"https:\/\/raropem.ro\/en\/wp-json\/wp\/v2\/product"}],"about":[{"href":"https:\/\/raropem.ro\/en\/wp-json\/wp\/v2\/types\/product"}],"replies":[{"embeddable":true,"href":"https:\/\/raropem.ro\/en\/wp-json\/wp\/v2\/comments?post=4967"}],"wp:featuredmedia":[{"embeddable":true,"href":"https:\/\/raropem.ro\/en\/wp-json\/wp\/v2\/media\/4968"}],"wp:attachment":[{"href":"https:\/\/raropem.ro\/en\/wp-json\/wp\/v2\/media?parent=4967"}],"wp:term":[{"taxonomy":"product_brand","embeddable":true,"href":"https:\/\/raropem.ro\/en\/wp-json\/wp\/v2\/product_brand?post=4967"},{"taxonomy":"product_cat","embeddable":true,"href":"https:\/\/raropem.ro\/en\/wp-json\/wp\/v2\/product_cat?post=4967"},{"taxonomy":"product_tag","embeddable":true,"href":"https:\/\/raropem.ro\/en\/wp-json\/wp\/v2\/product_tag?post=4967"}],"curies":[{"name":"wp","href":"https:\/\/api.w.org\/{rel}","templated":true}]}}