{"id":2836,"date":"2023-08-11T09:40:07","date_gmt":"2023-08-11T09:40:07","guid":{"rendered":"https:\/\/raropem.ro\/?post_type=product&#038;p=2836"},"modified":"2025-06-12T16:10:24","modified_gmt":"2025-06-12T16:10:24","slug":"sincronizator-viteza-1-2-be3-be4-9467601780-232385-2323e3","status":"publish","type":"product","link":"https:\/\/raropem.ro\/en\/sincronizator-viteza-1-2-be3-be4-9467601780-232385-2323e3\/","title":{"rendered":"Speed Synchronizer 1-2 BE3\/BE4 9467601780, 232385, 2323E3"},"content":{"rendered":"<h2>Speed synchronizer 1-2 BE3\/BE4 9467601780<\/h2>\n<p>Original Product<\/p>\n<p>Number of teeth 28x12<\/p>\n<p>Gearbox synchronizer Fiat Scudo, Citro\u00ebn Jumpy, Peugeot Expert 1995-2016 1.6 for 5th gear<br \/>\nCompatible with OEM number 9467601780, 232385, 2323E3<\/p>\n<p>Compatible with Cars<\/p>\n<div class=\"producer\">CITROEN<br \/>\nCitroen Jumpy 1995 \u2013 2006 2.0 HDI<br \/>\nCitroen Jumpy 2007 - 2016 1.6 HDI<br \/>\nCitroen Berlingo 2018 \u2013 1.2 PureTech<br \/>\nCitroen Berlingo 2018 - 1.5 BlueHDi<br \/>\nCitroen Berlingo 2018 - 1.6 BlueHDi<br \/>\nCitroen Berlingo 2008 \u2013 2018 1.2 PureTech<br \/>\nCitroen Berlingo 2008 \u2013 2018 1.4i<br \/>\nCitroen Berlingo 2008 - 2018 1.6i<br \/>\nCitroen Berlingo 2008 \u2013 2018 1.6 HDi<br \/>\nCitroen Berlingo 2008 - 2018 1.6 BlueHDi<br \/>\nFIAT<br \/>\nFIAT Scudo 1995 \u2013 2006 2.0 JTD<br \/>\nFIAT Scudo 2007 \u2013 2016 1.6 JTD<br \/>\nPeugeot<br \/>\nPeugeot Expert 1995 \u2013 2006 2.0 HDI<br \/>\nPeugeot Expert 2007 \u2013 2016 1.6 HDI<br \/>\nPeugeot Partner 2008 \u2013 2018 1.2 PureTech<br \/>\nPeugeot Partner 2008 \u2013 2018 1.4i<br \/>\nPeugeot Partner 2008 \u2013 2018 1.6i<br \/>\nPeugeot Partner 2008 \u2013 2018 1.6 HDi<br \/>\nPeugeot Partner 2008 \u2013 2018 1.6 BlueHDi<br \/>\n2018 Peugeot Partner - 1.2 PureTech<br \/>\n2018 Peugeot Partner - 1.5 BlueHDi<br \/>\nPeugeot Partner 2018 \u2013 1.6 BlueHDi<\/div>\n<div>\n<p>&nbsp;<\/p>\n<\/div>","protected":false},"excerpt":{"rendered":"<p>Sincronizator Viteza 1-2 BE3\/BE4 9467601780 Produs Original Numar de dinti 28&#215;12 Sincronizator cutie de viteze Fiat Scudo, Citro\u00ebn Jumpy, Peugeot Expert 1995-2016 1.6 pentru treapta a 5-a de vitez\u0103 Compatibil cu num\u0103rul OEM 9467601780, 232385, 2323E3 Compatibil pe Masini CITROEN Citroen Jumpy 1995 &#8211; 2006 2,0 HDI Citroen Jumpy 2007 &#8211; 2016 1,6 HDI Citroen [&#8230;]\n","protected":false},"featured_media":2837,"comment_status":"closed","ping_status":"closed","template":"","meta":[],"product_brand":[],"product_cat":[15,29,73,64,71],"product_tag":[173],"class_list":{"0":"post-2836","1":"product","2":"type-product","3":"status-publish","4":"has-post-thumbnail","6":"product_cat-piese-cutii-de-viteze","7":"product_cat-autovehicule","8":"product_cat-citroen-autovehicule","9":"product_cat-piese-cutii-viteze-autovehicule-fiat","10":"product_cat-peugeot-autovehicule","11":"product_tag-be3-be4","13":"first","14":"instock","15":"taxable","16":"shipping-taxable","17":"purchasable","18":"product-type-simple"},"_links":{"self":[{"href":"https:\/\/raropem.ro\/en\/wp-json\/wp\/v2\/product\/2836","targetHints":{"allow":["GET"]}}],"collection":[{"href":"https:\/\/raropem.ro\/en\/wp-json\/wp\/v2\/product"}],"about":[{"href":"https:\/\/raropem.ro\/en\/wp-json\/wp\/v2\/types\/product"}],"replies":[{"embeddable":true,"href":"https:\/\/raropem.ro\/en\/wp-json\/wp\/v2\/comments?post=2836"}],"wp:featuredmedia":[{"embeddable":true,"href":"https:\/\/raropem.ro\/en\/wp-json\/wp\/v2\/media\/2837"}],"wp:attachment":[{"href":"https:\/\/raropem.ro\/en\/wp-json\/wp\/v2\/media?parent=2836"}],"wp:term":[{"taxonomy":"product_brand","embeddable":true,"href":"https:\/\/raropem.ro\/en\/wp-json\/wp\/v2\/product_brand?post=2836"},{"taxonomy":"product_cat","embeddable":true,"href":"https:\/\/raropem.ro\/en\/wp-json\/wp\/v2\/product_cat?post=2836"},{"taxonomy":"product_tag","embeddable":true,"href":"https:\/\/raropem.ro\/en\/wp-json\/wp\/v2\/product_tag?post=2836"}],"curies":[{"name":"wp","href":"https:\/\/api.w.org\/{rel}","templated":true}]}}