{"id":12231,"date":"2026-05-15T12:43:20","date_gmt":"2026-05-15T12:43:20","guid":{"rendered":"https:\/\/raropem.ro\/?post_type=product&#038;p=12231"},"modified":"2026-05-15T14:23:43","modified_gmt":"2026-05-15T14:23:43","slug":"supapa-gama-ford-cargo-t332308-gc46-7l074-ja","status":"publish","type":"product","link":"https:\/\/raropem.ro\/en\/supapa-gama-ford-cargo-t332308-gc46-7l074-ja\/","title":{"rendered":"Supapa Gama Ford Cargo T332308 \/ GC46 7L074 JA"},"content":{"rendered":"<h2><span style=\"font-size: 170%;\">Supapa Gama Ford Cargo T332308 \/ GC46 7L074 JA<\/span><\/h2>\n<p><span style=\"font-size: 170%;\"><strong>Original Product.<\/strong><\/span><\/p>\n<p><span style=\"font-size: 170%;\">Pies\u0103 de schimb original\u0103 Ford \u2013 Supap\u0103 de aer integrat\u0103 electric\u0103 \u2013 GC467L074JA-T332308 \u2013 FORD \u2013 Camioane Ford H476\u2013<\/span><\/p>","protected":false},"excerpt":{"rendered":"<p>Supapa Gama Ford Cargo T332308 \/ GC46 7L074 JA Produs Original. Pies\u0103 de schimb original\u0103 Ford \u2013 Supap\u0103 de aer integrat\u0103 electric\u0103 \u2013 GC467L074JA-T332308 \u2013 FORD \u2013 Camioane Ford H476\u2013<\/p>","protected":false},"featured_media":12234,"comment_status":"open","ping_status":"closed","template":"","meta":[],"product_brand":[],"product_cat":[15,30,493],"product_tag":[492],"class_list":{"0":"post-12231","1":"product","2":"type-product","3":"status-publish","4":"has-post-thumbnail","6":"product_cat-piese-cutii-de-viteze","7":"product_cat-camioane","8":"product_cat-ford-camioane","9":"product_tag-eaton-zy07161-zy07163-zy07164","11":"first","12":"instock","13":"taxable","14":"shipping-taxable","15":"purchasable","16":"product-type-simple"},"_links":{"self":[{"href":"https:\/\/raropem.ro\/en\/wp-json\/wp\/v2\/product\/12231","targetHints":{"allow":["GET"]}}],"collection":[{"href":"https:\/\/raropem.ro\/en\/wp-json\/wp\/v2\/product"}],"about":[{"href":"https:\/\/raropem.ro\/en\/wp-json\/wp\/v2\/types\/product"}],"replies":[{"embeddable":true,"href":"https:\/\/raropem.ro\/en\/wp-json\/wp\/v2\/comments?post=12231"}],"wp:featuredmedia":[{"embeddable":true,"href":"https:\/\/raropem.ro\/en\/wp-json\/wp\/v2\/media\/12234"}],"wp:attachment":[{"href":"https:\/\/raropem.ro\/en\/wp-json\/wp\/v2\/media?parent=12231"}],"wp:term":[{"taxonomy":"product_brand","embeddable":true,"href":"https:\/\/raropem.ro\/en\/wp-json\/wp\/v2\/product_brand?post=12231"},{"taxonomy":"product_cat","embeddable":true,"href":"https:\/\/raropem.ro\/en\/wp-json\/wp\/v2\/product_cat?post=12231"},{"taxonomy":"product_tag","embeddable":true,"href":"https:\/\/raropem.ro\/en\/wp-json\/wp\/v2\/product_tag?post=12231"}],"curies":[{"name":"wp","href":"https:\/\/api.w.org\/{rel}","templated":true}]}}